{"id":3776,"date":"2023-02-13T14:59:41","date_gmt":"2023-02-13T13:59:41","guid":{"rendered":"https:\/\/www.domiahotel.it\/newsletter\/"},"modified":"2023-03-17T12:40:40","modified_gmt":"2023-03-17T11:40:40","slug":"newsletter","status":"publish","type":"page","link":"https:\/\/www.domiahotel.it\/en\/newsletter\/","title":{"rendered":"Newsletter"},"content":{"rendered":"\n<!-- SPACER -->\n<div   class=\"spacer l-margin \">\n  &nbsp;  <\/div>\n<!-- \/\/ SPACER -->\n\n\n\n\n<\/div>\n\n\n\n<!-- Begin Sendinblue Form -->\n<!-- START - We recommend to place the below code in head tag of your website html  -->\n<style>\n  @font-face {\n    font-display: block;\n    font-family: Roboto;\n    src: url(https:\/\/assets.sendinblue.com\/font\/Roboto\/Latin\/normal\/normal\/7529907e9eaf8ebb5220c5f9850e3811.woff2) format(\"woff2\"), url(https:\/\/assets.sendinblue.com\/font\/Roboto\/Latin\/normal\/normal\/25c678feafdc175a70922a116c9be3e7.woff) format(\"woff\")\n  }\n\n  @font-face {\n    font-display: fallback;\n    font-family: Roboto;\n    font-weight: 600;\n    src: url(https:\/\/assets.sendinblue.com\/font\/Roboto\/Latin\/medium\/normal\/6e9caeeafb1f3491be3e32744bc30440.woff2) format(\"woff2\"), url(https:\/\/assets.sendinblue.com\/font\/Roboto\/Latin\/medium\/normal\/71501f0d8d5aa95960f6475d5487d4c2.woff) format(\"woff\")\n  }\n\n  @font-face {\n    font-display: fallback;\n    font-family: Roboto;\n    font-weight: 700;\n    src: url(https:\/\/assets.sendinblue.com\/font\/Roboto\/Latin\/bold\/normal\/3ef7cf158f310cf752d5ad08cd0e7e60.woff2) format(\"woff2\"), url(https:\/\/assets.sendinblue.com\/font\/Roboto\/Latin\/bold\/normal\/ece3a1d82f18b60bcce0211725c476aa.woff) format(\"woff\")\n  }\n\n  #sib-container input:-ms-input-placeholder {\n    text-align: left;\n    font-family: \"Helvetica\", sans-serif;\n    color: #c0ccda;\n  }\n\n  #sib-container input::placeholder {\n    text-align: left;\n    font-family: \"Helvetica\", sans-serif;\n    color: #c0ccda;\n  }\n\n  #sib-container textarea::placeholder {\n    text-align: left;\n    font-family: \"Helvetica\", sans-serif;\n    color: #c0ccda;\n  }\n<\/style>\n<link rel=\"stylesheet\" href=\"https:\/\/sibforms.com\/forms\/end-form\/build\/sib-styles.css\">\n<!--  END - We recommend to place the above code in head tag of your website html -->\n\n<!-- START - We recommend to place the below code where you want the form in your website html  -->\n<div class=\"sib-form\" style=\"text-align: center;\n         background-color: #ffffff;                                 \">\n  <div id=\"sib-form-container\" class=\"sib-form-container\">\n    <div id=\"error-message\" class=\"sib-form-message-panel\" style=\"font-size:16px; text-align:left; font-family:&quot;Helvetica&quot;, sans-serif; color:#661d1d; background-color:#ffeded; border-radius:3px; border-color:#ff4949;max-width:540px;\">\n      <div class=\"sib-form-message-panel__text sib-form-message-panel__text--center\">\n        <svg viewBox=\"0 0 512 512\" class=\"sib-icon sib-notification__icon\">\n          <path d=\"M256 40c118.621 0 216 96.075 216 216 0 119.291-96.61 216-216 216-119.244 0-216-96.562-216-216 0-119.203 96.602-216 216-216m0-32C119.043 8 8 119.083 8 256c0 136.997 111.043 248 248 248s248-111.003 248-248C504 119.083 392.957 8 256 8zm-11.49 120h22.979c6.823 0 12.274 5.682 11.99 12.5l-7 168c-.268 6.428-5.556 11.5-11.99 11.5h-8.979c-6.433 0-11.722-5.073-11.99-11.5l-7-168c-.283-6.818 5.167-12.5 11.99-12.5zM256 340c-15.464 0-28 12.536-28 28s12.536 28 28 28 28-12.536 28-28-12.536-28-28-28z\"><\/path>\n        <\/svg>\n        <span class=\"sib-form-message-panel__inner-text\">\n                          Your registration cannot be validated.\n                      <\/span>\n      <\/div>\n    <\/div>\n    <div><\/div>\n    <div id=\"success-message\" class=\"sib-form-message-panel\" style=\"font-size:16px; text-align:left; font-family:&quot;Helvetica&quot;, sans-serif; color:#085229; background-color:#e7faf0; border-radius:3px; border-color:#13ce66;max-width:540px;\">\n      <div class=\"sib-form-message-panel__text sib-form-message-panel__text--center\">\n        <svg viewBox=\"0 0 512 512\" class=\"sib-icon sib-notification__icon\">\n          <path d=\"M256 8C119.033 8 8 119.033 8 256s111.033 248 248 248 248-111.033 248-248S392.967 8 256 8zm0 464c-118.664 0-216-96.055-216-216 0-118.663 96.055-216 216-216 118.664 0 216 96.055 216 216 0 118.663-96.055 216-216 216zm141.63-274.961L217.15 376.071c-4.705 4.667-12.303 4.637-16.97-.068l-85.878-86.572c-4.667-4.705-4.637-12.303.068-16.97l8.52-8.451c4.705-4.667 12.303-4.637 16.97.068l68.976 69.533 163.441-162.13c4.705-4.667 12.303-4.637 16.97.068l8.451 8.52c4.668 4.705 4.637 12.303-.068 16.97z\"><\/path>\n        <\/svg>\n        <span class=\"sib-form-message-panel__inner-text\">\n                          Your registration was successful.\n                      <\/span>\n      <\/div>\n    <\/div>\n    <div><\/div>\n    <div id=\"sib-container\" class=\"sib-container--large sib-container--vertical\" style=\"text-align:center; background-color:rgba(255,255,255,1); max-width:540px; border-radius:3px; border-width:1px; border-color:#C0CCD9; border-style:solid; direction:ltr\">\n      <form id=\"sib-form\" method=\"POST\" action=\"https:\/\/6f94295b.sibforms.com\/serve\/MUIEAPAdLBWu6AWsHD2ACEOmcaxl9rmnN8KJqAxbMdpyn9I48j5L-N6wPEaSwj6P2NhdEUvHnC61nUGq0wTmcHt5OEhZFOrxrQr9BMR5eHptkA8OvUZIqj2yIzsGTyqw8mUfLn6imErvvDoP3LhIl1gdJqyr1J4zYnvZG2k-vcTj939whBz_ZJmkQOWu5_d4VdPDL8fUSd0TTRGm\" data-type=\"subscription\">\n        <div style=\"padding: 8px 0;\">\n          <div class=\"sib-form-block\" style=\"font-size:32px; text-align:left; font-weight:700; font-family:&quot;Helvetica&quot;, sans-serif; color:#3C4858; background-color:transparent; text-align:left\">\n            <p>Newsletter<\/p>\n          <\/div>\n        <\/div>\n        <div style=\"padding: 8px 0;\">\n          <div class=\"sib-form-block\" style=\"font-size:16px; text-align:left; font-family:&quot;Helvetica&quot;, sans-serif; color:#3C4858; background-color:transparent; text-align:left\">\n            <div class=\"sib-text-form-block\">\n              <p>Subscribe to our newsletter and stay updated.<\/p>\n            <\/div>\n          <\/div>\n        <\/div>\n        <div style=\"padding: 8px 0;\">\n          <div class=\"sib-input sib-form-block\">\n            <div class=\"form__entry entry_block\">\n              <div class=\"form__label-row \">\n                <label class=\"entry__label\" style=\"font-weight: 700; text-align:left; font-size:16px; text-align:left; font-weight:700; font-family:&quot;Helvetica&quot;, sans-serif; color:#3c4858;\" for=\"EMAIL\" data-required=\"*\">Enter your email address to sign up<\/label>\n\n                <div class=\"entry__field\">\n                  <input class=\"input \" type=\"text\" id=\"EMAIL\" name=\"EMAIL\" autocomplete=\"off\" placeholder=\"EMAIL\" data-required=\"true\" required=\"\">\n                <\/div>\n              <\/div>\n\n              <label class=\"entry__error entry__error--primary\" style=\"font-size:16px; text-align:left; font-family:&quot;Helvetica&quot;, sans-serif; color:#661d1d; background-color:#ffeded; border-radius:3px; border-color:#ff4949;\">\n              <\/label>\n              <label class=\"entry__specification\" style=\"font-size:12px; text-align:left; font-family:&quot;Helvetica&quot;, sans-serif; color:#8390A4; text-align:left\">\n                Enter your email address to sign up. e.g. abc@xyz.com\n              <\/label>\n            <\/div>\n          <\/div>\n        <\/div>\n        <div style=\"padding: 8px 0;\">\n          <div class=\"sib-optin sib-form-block\">\n            <div class=\"form__entry entry_mcq\">\n              <div class=\"form__label-row \">\n                <div class=\"entry__choice\" style=\"\">\n                  <label>\n                    <input type=\"checkbox\" class=\"input_replaced\" value=\"1\" id=\"OPT_IN\" name=\"OPT_IN\">\n                    <span class=\"checkbox checkbox_tick_positive\" style=\"margin-left:\"><\/span><span style=\"font-size:14px; text-align:left; font-family:&quot;Helvetica&quot;, sans-serif; color:#3C4858; background-color:transparent;\"><p>I accept the general conditions and to receive the newsletters<\/p><\/span> <\/label>\n                <\/div>\n              <\/div>\n              <label class=\"entry__error entry__error--primary\" style=\"font-size:16px; text-align:left; font-family:&quot;Helvetica&quot;, sans-serif; color:#661d1d; background-color:#ffeded; border-radius:3px; border-color:#ff4949;\">\n              <\/label>\n              <label class=\"entry__specification\" style=\"font-size:12px; text-align:left; font-family:&quot;Helvetica&quot;, sans-serif; color:#8390A4; text-align:left\">\n                You can unsubscribe at any time using the link included in our newsletter.\n              <\/label>\n            <\/div>\n          <\/div>\n        <\/div>\n        <div style=\"padding: 8px 0;\">\n          <div class=\"sib-form__declaration\" style=\"direction:ltr\">\n            <div class=\"declaration-block-icon\">\n              <svg class=\"icon__SVG\" width=\"0\" height=\"0\" version=\"1.1\" xmlns=\"http:\/\/www.w3.org\/2000\/svg\">\n                <defs>\n                  <symbol id=\"svgIcon-sphere\" viewBox=\"0 0 63 63\">\n                    <path class=\"path1\" d=\"M31.54 0l1.05 3.06 3.385-.01-2.735 1.897 1.05 3.042-2.748-1.886-2.738 1.886 1.044-3.05-2.745-1.897h3.393zm13.97 3.019L46.555 6.4l3.384.01-2.743 2.101 1.048 3.387-2.752-2.1-2.752 2.1 1.054-3.382-2.745-2.105h3.385zm9.998 10.056l1.039 3.382h3.38l-2.751 2.1 1.05 3.382-2.744-2.091-2.743 2.091 1.054-3.381-2.754-2.1h3.385zM58.58 27.1l1.04 3.372h3.379l-2.752 2.096 1.05 3.387-2.744-2.091-2.75 2.092 1.054-3.387-2.747-2.097h3.376zm-3.076 14.02l1.044 3.364h3.385l-2.743 2.09 1.05 3.392-2.744-2.097-2.743 2.097 1.052-3.377-2.752-2.117 3.385-.01zm-9.985 9.91l1.045 3.364h3.393l-2.752 2.09 1.05 3.393-2.745-2.097-2.743 2.097 1.05-3.383-2.751-2.1 3.384-.01zM31.45 55.01l1.044 3.043 3.393-.008-2.752 1.9L34.19 63l-2.744-1.895-2.748 1.891 1.054-3.05-2.743-1.9h3.384zm-13.934-3.98l1.036 3.364h3.402l-2.752 2.09 1.053 3.393-2.747-2.097-2.752 2.097 1.053-3.382-2.743-2.1 3.384-.01zm-9.981-9.91l1.045 3.364h3.398l-2.748 2.09 1.05 3.392-2.753-2.1-2.752 2.096 1.053-3.382-2.743-2.102 3.384-.009zM4.466 27.1l1.038 3.372H8.88l-2.752 2.097 1.053 3.387-2.743-2.09-2.748 2.09 1.053-3.387L0 30.472h3.385zm3.069-14.025l1.045 3.382h3.395L9.23 18.56l1.05 3.381-2.752-2.09-2.752 2.09 1.053-3.381-2.744-2.1h3.384zm9.99-10.056L18.57 6.4l3.393.01-2.743 2.1 1.05 3.373-2.754-2.092-2.751 2.092 1.053-3.382-2.744-2.1h3.384zm24.938 19.394l-10-4.22a2.48 2.48 0 00-1.921 0l-10 4.22A2.529 2.529 0 0019 24.75c0 10.47 5.964 17.705 11.537 20.057a2.48 2.48 0 001.921 0C36.921 42.924 44 36.421 44 24.75a2.532 2.532 0 00-1.537-2.336zm-2.46 6.023l-9.583 9.705a.83.83 0 01-1.177 0l-5.416-5.485a.855.855 0 010-1.192l1.177-1.192a.83.83 0 011.177 0l3.65 3.697 7.819-7.916a.83.83 0 011.177 0l1.177 1.191a.843.843 0 010 1.192z\" fill=\"#0092FF\"><\/path>\n                  <\/symbol>\n                <\/defs>\n              <\/svg>\n              <svg class=\"svgIcon-sphere\" style=\"width:63px; height:63px;\">\n                <use xlink:href=\"#svgIcon-sphere\"><\/use>\n              <\/svg>\n            <\/div>\n            <p style=\"font-size:14px; text-align:left; font-family:&quot;Helvetica&quot;, sans-serif; color:#687484; background-color:transparent;\">\n             We use Sendinblue as our marketing platform. By clicking below to submit this form, you are aware and accept that the information you have provided will be transferred to Sendinblue for treatment in accordance with their <a target=\"_blank\" class=\"clickable_link\" href=\"https:\/\/sendinblue.com\/legal\/termsofuse\/\" rel=\"noopener\">terms of use<\/a>\n            <\/p>\n          <\/div>\n\n        <\/div>\n        <div style=\"padding: 8px 0;\">\n          <div class=\"sib-captcha sib-form-block\">\n            <div class=\"form__entry entry_block\">\n              <div class=\"form__label-row \">\n                <script>\n                  function handleCaptchaResponse() {\n                    var event = new Event('captchaChange');\n                    document.getElementById('sib-captcha').dispatchEvent(event);\n                  }\n                <\/script>\n                <div class=\"g-recaptcha sib-visible-recaptcha\" id=\"sib-captcha\" data-sitekey=\"6Lca4QslAAAAAAhpWnbZnrGoRsF9GA81KyQ5CqQK\" data-callback=\"handleCaptchaResponse\" style=\"direction:ltr\"><\/div>\n              <\/div>\n              <label class=\"entry__error entry__error--primary\" style=\"font-size:16px; text-align:left; font-family:&quot;Helvetica&quot;, sans-serif; color:#661d1d; background-color:#ffeded; border-radius:3px; border-color:#ff4949;\">\n              <\/label>\n            <\/div>\n          <\/div>\n        <\/div>\n        <div style=\"padding: 8px 0;\">\n          <div class=\"sib-form-block\" style=\"text-align: left\">\n            <button class=\"sib-form-block__button sib-form-block__button-with-loader\" style=\"font-size:16px; text-align:left; font-weight:700; font-family:&quot;Helvetica&quot;, sans-serif; color:#FFFFFF; background-color:#3E4857; border-radius:3px; border-width:0px;\" form=\"sib-form\" type=\"submit\">\n              <svg class=\"icon clickable__icon progress-indicator__icon sib-hide-loader-icon\" viewBox=\"0 0 512 512\">\n                <path d=\"M460.116 373.846l-20.823-12.022c-5.541-3.199-7.54-10.159-4.663-15.874 30.137-59.886 28.343-131.652-5.386-189.946-33.641-58.394-94.896-95.833-161.827-99.676C261.028 55.961 256 50.751 256 44.352V20.309c0-6.904 5.808-12.337 12.703-11.982 83.556 4.306 160.163 50.864 202.11 123.677 42.063 72.696 44.079 162.316 6.031 236.832-3.14 6.148-10.75 8.461-16.728 5.01z\"><\/path>\n              <\/svg>\n              SUBSCRIBE\n            <\/button>\n          <\/div>\n        <\/div>\n\n        <input type=\"text\" name=\"email_address_check\" value=\"\" class=\"input--hidden\">\n        <input type=\"hidden\" name=\"locale\" value=\"en\">\n      <\/form>\n    <\/div>\n  <\/div>\n<\/div>\n<!-- END - We recommend to place the below code where you want the form in your website html  -->\n\n<!-- START - We recommend to place the below code in footer or bottom of your website html  -->\n<script>\n  window.REQUIRED_CODE_ERROR_MESSAGE = 'Scegli un prefisso paese';\n  window.LOCALE = 'en';\n  window.EMAIL_INVALID_MESSAGE = window.SMS_INVALID_MESSAGE = \"The information provided is invalid. Check the format of the field and try again.\";\n\n  window.REQUIRED_ERROR_MESSAGE = \"This field cannot be left blank. \";\n\n  window.GENERIC_INVALID_MESSAGE = \"The information provided is invalid. Check the format of the field and try again.\";\n\n\n\n\n  window.translation = {\n    common: {\n      selectedList: '{quantity} lista selezionata',\n      selectedLists: '{quantity} liste selezionate'\n    }\n  };\n\n  var AUTOHIDE = Boolean(0);\n<\/script>\n<script defer=\"\" src=\"https:\/\/sibforms.com\/forms\/end-form\/build\/main.js\"><\/script>\n\n<script src=\"https:\/\/www.google.com\/recaptcha\/api.js?hl=it\"><\/script>\n\n<!-- END - We recommend to place the above code in footer or bottom of your website html  -->\n<!-- End Sendinblue Form -->\n\n\n\n<div class=\"cms-content\">\n\n\n\n<!-- SPACER -->\n<div   class=\"spacer l-margin \">\n  &nbsp;  <\/div>\n<!-- \/\/ SPACER -->\n\n","protected":false},"excerpt":{"rendered":"<p>Your registration cannot be validated. Your registration was successful. Newsletter [&hellip;]<\/p>\n","protected":false},"author":1,"featured_media":856,"parent":0,"menu_order":39,"comment_status":"closed","ping_status":"closed","template":"","meta":{"_acf_changed":false,"footnotes":""},"class_list":["post-3776","page","type-page","status-publish","has-post-thumbnail","hentry"],"acf":[],"yoast_head":"<!-- This site is optimized with the Yoast SEO plugin v27.5 - https:\/\/yoast.com\/product\/yoast-seo-wordpress\/ -->\n<title>Newsletter - Dom\u00eca Hotel<\/title>\n<meta name=\"description\" content=\"Iscriviti alla newsletter del Dom\u00eca Hotel e rimani aggiornato sulle novit\u00e0 del piccolo hotel a Mondello, Palermo!\" \/>\n<meta name=\"robots\" content=\"index, follow, max-snippet:-1, max-image-preview:large, max-video-preview:-1\" \/>\n<link rel=\"canonical\" href=\"https:\/\/www.domiahotel.it\/en\/newsletter\/\" \/>\n<meta property=\"og:locale\" content=\"en_US\" \/>\n<meta property=\"og:type\" content=\"article\" \/>\n<meta property=\"og:title\" content=\"Newsletter - Dom\u00eca Hotel\" \/>\n<meta property=\"og:description\" content=\"Iscriviti alla newsletter del Dom\u00eca Hotel e rimani aggiornato sulle novit\u00e0 del piccolo hotel a Mondello, Palermo!\" \/>\n<meta property=\"og:url\" content=\"https:\/\/www.domiahotel.it\/en\/newsletter\/\" \/>\n<meta property=\"og:site_name\" content=\"Dom\u00eca Hotel\" \/>\n<meta property=\"article:publisher\" content=\"https:\/\/www.facebook.com\/Domiahotel\" \/>\n<meta property=\"article:modified_time\" content=\"2023-03-17T11:40:40+00:00\" \/>\n<meta property=\"og:image\" content=\"https:\/\/domiahotel-it.cdn-immedia.net\/wp-content\/uploads\/2023\/02\/OG-Domia-1.jpg\" \/>\n\t<meta property=\"og:image:width\" content=\"2000\" \/>\n\t<meta property=\"og:image:height\" content=\"1500\" \/>\n\t<meta property=\"og:image:type\" content=\"image\/jpeg\" \/>\n<meta name=\"twitter:card\" content=\"summary_large_image\" \/>\n<meta name=\"twitter:label1\" content=\"Est. reading time\" \/>\n\t<meta name=\"twitter:data1\" content=\"2 minutes\" \/>\n<script type=\"application\/ld+json\" class=\"yoast-schema-graph\">{\"@context\":\"https:\\\/\\\/schema.org\",\"@graph\":[{\"@type\":\"WebPage\",\"@id\":\"https:\\\/\\\/www.domiahotel.it\\\/en\\\/newsletter\\\/\",\"url\":\"https:\\\/\\\/www.domiahotel.it\\\/en\\\/newsletter\\\/\",\"name\":\"Newsletter - Dom\u00eca Hotel\",\"isPartOf\":{\"@id\":\"https:\\\/\\\/www.domiahotel.it\\\/en\\\/#website\"},\"primaryImageOfPage\":{\"@id\":\"https:\\\/\\\/www.domiahotel.it\\\/en\\\/newsletter\\\/#primaryimage\"},\"image\":{\"@id\":\"https:\\\/\\\/www.domiahotel.it\\\/en\\\/newsletter\\\/#primaryimage\"},\"thumbnailUrl\":\"https:\\\/\\\/www.domiahotel.it\\\/wp-content\\\/uploads\\\/2023\\\/01\\\/IMG_4033.jpg\",\"datePublished\":\"2023-02-13T13:59:41+00:00\",\"dateModified\":\"2023-03-17T11:40:40+00:00\",\"description\":\"Iscriviti alla newsletter del Dom\u00eca Hotel e rimani aggiornato sulle novit\u00e0 del piccolo hotel a Mondello, Palermo!\",\"breadcrumb\":{\"@id\":\"https:\\\/\\\/www.domiahotel.it\\\/en\\\/newsletter\\\/#breadcrumb\"},\"inLanguage\":\"en-US\",\"potentialAction\":[{\"@type\":\"ReadAction\",\"target\":[\"https:\\\/\\\/www.domiahotel.it\\\/en\\\/newsletter\\\/\"]}]},{\"@type\":\"ImageObject\",\"inLanguage\":\"en-US\",\"@id\":\"https:\\\/\\\/www.domiahotel.it\\\/en\\\/newsletter\\\/#primaryimage\",\"url\":\"https:\\\/\\\/www.domiahotel.it\\\/wp-content\\\/uploads\\\/2023\\\/01\\\/IMG_4033.jpg\",\"contentUrl\":\"https:\\\/\\\/www.domiahotel.it\\\/wp-content\\\/uploads\\\/2023\\\/01\\\/IMG_4033.jpg\",\"width\":2000,\"height\":1500},{\"@type\":\"BreadcrumbList\",\"@id\":\"https:\\\/\\\/www.domiahotel.it\\\/en\\\/newsletter\\\/#breadcrumb\",\"itemListElement\":[{\"@type\":\"ListItem\",\"position\":1,\"name\":\"Home\",\"item\":\"https:\\\/\\\/www.domiahotel.it\\\/en\\\/\"},{\"@type\":\"ListItem\",\"position\":2,\"name\":\"Newsletter\"}]},{\"@type\":\"WebSite\",\"@id\":\"https:\\\/\\\/www.domiahotel.it\\\/en\\\/#website\",\"url\":\"https:\\\/\\\/www.domiahotel.it\\\/en\\\/\",\"name\":\"Dom\u00eca Hotel\",\"description\":\"\",\"publisher\":{\"@id\":\"https:\\\/\\\/www.domiahotel.it\\\/en\\\/#organization\"},\"potentialAction\":[{\"@type\":\"SearchAction\",\"target\":{\"@type\":\"EntryPoint\",\"urlTemplate\":\"https:\\\/\\\/www.domiahotel.it\\\/en\\\/?s={search_term_string}\"},\"query-input\":{\"@type\":\"PropertyValueSpecification\",\"valueRequired\":true,\"valueName\":\"search_term_string\"}}],\"inLanguage\":\"en-US\"},{\"@type\":\"Organization\",\"@id\":\"https:\\\/\\\/www.domiahotel.it\\\/en\\\/#organization\",\"name\":\"Dom\u00eca Hotel\",\"url\":\"https:\\\/\\\/www.domiahotel.it\\\/en\\\/\",\"logo\":{\"@type\":\"ImageObject\",\"inLanguage\":\"en-US\",\"@id\":\"https:\\\/\\\/www.domiahotel.it\\\/en\\\/#\\\/schema\\\/logo\\\/image\\\/\",\"url\":\"https:\\\/\\\/www.domiahotel.it\\\/wp-content\\\/uploads\\\/2023\\\/02\\\/logo-Domia-boutique-hotel-01.png\",\"contentUrl\":\"https:\\\/\\\/www.domiahotel.it\\\/wp-content\\\/uploads\\\/2023\\\/02\\\/logo-Domia-boutique-hotel-01.png\",\"width\":112,\"height\":112,\"caption\":\"Dom\u00eca Hotel\"},\"image\":{\"@id\":\"https:\\\/\\\/www.domiahotel.it\\\/en\\\/#\\\/schema\\\/logo\\\/image\\\/\"},\"sameAs\":[\"https:\\\/\\\/www.facebook.com\\\/Domiahotel\"]}]}<\/script>\n<!-- \/ Yoast SEO plugin. -->","yoast_head_json":{"title":"Newsletter - Dom\u00eca Hotel","description":"Iscriviti alla newsletter del Dom\u00eca Hotel e rimani aggiornato sulle novit\u00e0 del piccolo hotel a Mondello, Palermo!","robots":{"index":"index","follow":"follow","max-snippet":"max-snippet:-1","max-image-preview":"max-image-preview:large","max-video-preview":"max-video-preview:-1"},"canonical":"https:\/\/www.domiahotel.it\/en\/newsletter\/","og_locale":"en_US","og_type":"article","og_title":"Newsletter - Dom\u00eca Hotel","og_description":"Iscriviti alla newsletter del Dom\u00eca Hotel e rimani aggiornato sulle novit\u00e0 del piccolo hotel a Mondello, Palermo!","og_url":"https:\/\/www.domiahotel.it\/en\/newsletter\/","og_site_name":"Dom\u00eca Hotel","article_publisher":"https:\/\/www.facebook.com\/Domiahotel","article_modified_time":"2023-03-17T11:40:40+00:00","og_image":[{"width":2000,"height":1500,"url":"https:\/\/domiahotel-it.cdn-immedia.net\/wp-content\/uploads\/2023\/02\/OG-Domia-1.jpg","type":"image\/jpeg"}],"twitter_card":"summary_large_image","twitter_misc":{"Est. reading time":"2 minutes"},"schema":{"@context":"https:\/\/schema.org","@graph":[{"@type":"WebPage","@id":"https:\/\/www.domiahotel.it\/en\/newsletter\/","url":"https:\/\/www.domiahotel.it\/en\/newsletter\/","name":"Newsletter - Dom\u00eca Hotel","isPartOf":{"@id":"https:\/\/www.domiahotel.it\/en\/#website"},"primaryImageOfPage":{"@id":"https:\/\/www.domiahotel.it\/en\/newsletter\/#primaryimage"},"image":{"@id":"https:\/\/www.domiahotel.it\/en\/newsletter\/#primaryimage"},"thumbnailUrl":"https:\/\/domiahotel-it.cdn-immedia.net\/wp-content\/uploads\/2023\/01\/IMG_4033.jpg","datePublished":"2023-02-13T13:59:41+00:00","dateModified":"2023-03-17T11:40:40+00:00","description":"Iscriviti alla newsletter del Dom\u00eca Hotel e rimani aggiornato sulle novit\u00e0 del piccolo hotel a Mondello, Palermo!","breadcrumb":{"@id":"https:\/\/www.domiahotel.it\/en\/newsletter\/#breadcrumb"},"inLanguage":"en-US","potentialAction":[{"@type":"ReadAction","target":["https:\/\/www.domiahotel.it\/en\/newsletter\/"]}]},{"@type":"ImageObject","inLanguage":"en-US","@id":"https:\/\/www.domiahotel.it\/en\/newsletter\/#primaryimage","url":"https:\/\/domiahotel-it.cdn-immedia.net\/wp-content\/uploads\/2023\/01\/IMG_4033.jpg","contentUrl":"https:\/\/domiahotel-it.cdn-immedia.net\/wp-content\/uploads\/2023\/01\/IMG_4033.jpg","width":2000,"height":1500},{"@type":"BreadcrumbList","@id":"https:\/\/www.domiahotel.it\/en\/newsletter\/#breadcrumb","itemListElement":[{"@type":"ListItem","position":1,"name":"Home","item":"https:\/\/www.domiahotel.it\/en\/"},{"@type":"ListItem","position":2,"name":"Newsletter"}]},{"@type":"WebSite","@id":"https:\/\/www.domiahotel.it\/en\/#website","url":"https:\/\/www.domiahotel.it\/en\/","name":"Dom\u00eca Hotel","description":"","publisher":{"@id":"https:\/\/www.domiahotel.it\/en\/#organization"},"potentialAction":[{"@type":"SearchAction","target":{"@type":"EntryPoint","urlTemplate":"https:\/\/www.domiahotel.it\/en\/?s={search_term_string}"},"query-input":{"@type":"PropertyValueSpecification","valueRequired":true,"valueName":"search_term_string"}}],"inLanguage":"en-US"},{"@type":"Organization","@id":"https:\/\/www.domiahotel.it\/en\/#organization","name":"Dom\u00eca Hotel","url":"https:\/\/www.domiahotel.it\/en\/","logo":{"@type":"ImageObject","inLanguage":"en-US","@id":"https:\/\/www.domiahotel.it\/en\/#\/schema\/logo\/image\/","url":"https:\/\/domiahotel-it.cdn-immedia.net\/wp-content\/uploads\/2023\/02\/logo-Domia-boutique-hotel-01.png","contentUrl":"https:\/\/domiahotel-it.cdn-immedia.net\/wp-content\/uploads\/2023\/02\/logo-Domia-boutique-hotel-01.png","width":112,"height":112,"caption":"Dom\u00eca Hotel"},"image":{"@id":"https:\/\/www.domiahotel.it\/en\/#\/schema\/logo\/image\/"},"sameAs":["https:\/\/www.facebook.com\/Domiahotel"]}]}},"_links":{"self":[{"href":"https:\/\/www.domiahotel.it\/en\/wp-json\/wp\/v2\/pages\/3776","targetHints":{"allow":["GET"]}}],"collection":[{"href":"https:\/\/www.domiahotel.it\/en\/wp-json\/wp\/v2\/pages"}],"about":[{"href":"https:\/\/www.domiahotel.it\/en\/wp-json\/wp\/v2\/types\/page"}],"author":[{"embeddable":true,"href":"https:\/\/www.domiahotel.it\/en\/wp-json\/wp\/v2\/users\/1"}],"replies":[{"embeddable":true,"href":"https:\/\/www.domiahotel.it\/en\/wp-json\/wp\/v2\/comments?post=3776"}],"version-history":[{"count":11,"href":"https:\/\/www.domiahotel.it\/en\/wp-json\/wp\/v2\/pages\/3776\/revisions"}],"predecessor-version":[{"id":4165,"href":"https:\/\/www.domiahotel.it\/en\/wp-json\/wp\/v2\/pages\/3776\/revisions\/4165"}],"wp:featuredmedia":[{"embeddable":true,"href":"https:\/\/www.domiahotel.it\/en\/wp-json\/wp\/v2\/media\/856"}],"wp:attachment":[{"href":"https:\/\/www.domiahotel.it\/en\/wp-json\/wp\/v2\/media?parent=3776"}],"curies":[{"name":"wp","href":"https:\/\/api.w.org\/{rel}","templated":true}]}}